{"id":467,"date":"2018-11-08T22:15:32","date_gmt":"2018-11-08T21:15:32","guid":{"rendered":"https:\/\/hoergeraete.club\/?post_type=product&#038;p=467"},"modified":"2018-11-22T16:02:25","modified_gmt":"2018-11-22T15:02:25","slug":"phonak-audeo-marvel-30","status":"publish","type":"product","link":"https:\/\/hoergeraete.club\/?product=phonak-audeo-marvel-30","title":{"rendered":"Technologiestufe 1<br>Phonak Aud\u00e9o\u2122<br>Marvel 30"},"content":{"rendered":"<div class=\"headline \">\n<h2 id=\"2dd647f4-e342-453d-9e11-cdbe8569fe9d\" class=\"headline-default \">Klarer, voller Klang<\/h2>\n<\/div>\n<div id=\"c4a97653-7cf0-42ee-b44c-ffbe7a16b52f\" class=\"text \">\n<p>Die neue Phonak Marvel\u2122 H\u00f6rger\u00e4tegeneration erkennt mehr H\u00f6rsituationen als je zuvor und passt sich automatisch an diese an.\u00b9. Die H\u00f6rger\u00e4te verf\u00fcgen \u00fcber AutoSense OS\u2122 3.0 und Binauraler VoiceStream Technologie\u2122. Dies bietet Ihren Kunden eine bessere Sprachverst\u00e4ndlichkeit in ger\u00e4uschvollen Umgebungen\u00b2 und eine geringere H\u00f6ranstrengung\u00b3 im Alltag.<\/p>\n<section class=\"av_textblock_section \">\n<div class=\"avia_textblock \">\n<h2>Aus der Technologiestufe 1<\/h2>\n<p>Diese H\u00f6rger\u00e4te Klasse ist der Einstieg in die moderne Welt der H\u00f6rger\u00e4te. Sie sichert Ihnen ein gutes Verstehen in Einzelgespr\u00e4chen, sowie gutes Verstehen auch in leichten St\u00f6rger\u00e4uschen. Die H\u00f6rger\u00e4te verf\u00fcgen meist \u00fcber mehrere Programme, welche auf Ihre H\u00f6rbed\u00fcrfnisse eingestellt werden. Auch werden R\u00fcckkopplungen erfolgreich unterdr\u00fcckt.<\/p>\n<\/div>\n<\/section>\n<p>&nbsp;<\/p>\n<\/div>\n","protected":false},"excerpt":{"rendered":"<h2>Aus der Technologiestufe 1<\/h2>\n<p>Diese H\u00f6rger\u00e4te Klasse ist der Einstieg in die moderne Welt der H\u00f6rger\u00e4te. Sie sichert Ihnen ein gutes Verstehen in Einzelgespr\u00e4chen, sowie gutes Verstehen auch in leichten St\u00f6rger\u00e4uschen. Die H\u00f6rger\u00e4te verf\u00fcgen meist \u00fcber mehrere Programme, welche auf Ihre H\u00f6rbed\u00fcrfnisse eingestellt werden. Auch werden R\u00fcckkopplungen erfolgreich unterdr\u00fcckt.<\/p>\n","protected":false},"featured_media":446,"comment_status":"closed","ping_status":"closed","template":"","meta":[],"_links":{"self":[{"href":"https:\/\/hoergeraete.club\/index.php?rest_route=\/wp\/v2\/product\/467"}],"collection":[{"href":"https:\/\/hoergeraete.club\/index.php?rest_route=\/wp\/v2\/product"}],"about":[{"href":"https:\/\/hoergeraete.club\/index.php?rest_route=\/wp\/v2\/types\/product"}],"replies":[{"embeddable":true,"href":"https:\/\/hoergeraete.club\/index.php?rest_route=%2Fwp%2Fv2%2Fcomments&post=467"}],"wp:featuredmedia":[{"embeddable":true,"href":"https:\/\/hoergeraete.club\/index.php?rest_route=\/wp\/v2\/media\/446"}],"wp:attachment":[{"href":"https:\/\/hoergeraete.club\/index.php?rest_route=%2Fwp%2Fv2%2Fmedia&parent=467"}],"curies":[{"name":"wp","href":"https:\/\/api.w.org\/{rel}","templated":true}]}}