{"id":457,"date":"2018-11-08T22:10:51","date_gmt":"2018-11-08T21:10:51","guid":{"rendered":"https:\/\/hoergeraete.club\/?post_type=product&#038;p=457"},"modified":"2018-11-22T16:02:06","modified_gmt":"2018-11-22T15:02:06","slug":"phonak-audeo-marvel-50","status":"publish","type":"product","link":"https:\/\/hoergeraete.club\/?product=phonak-audeo-marvel-50","title":{"rendered":"Technologiestufe 2<br>Phonak Aud\u00e9o\u2122<br>Marvel 50"},"content":{"rendered":"<div class=\"headline \">\n<h2 id=\"2dd647f4-e342-453d-9e11-cdbe8569fe9d\" class=\"headline-default \">Klarer, voller Klang<\/h2>\n<\/div>\n<div id=\"c4a97653-7cf0-42ee-b44c-ffbe7a16b52f\" class=\"text \">\n<p>Die neue Phonak Marvel\u2122 H\u00f6rger\u00e4tegeneration erkennt mehr H\u00f6rsituationen als je zuvor und passt sich automatisch an diese an.\u00b9. Die H\u00f6rger\u00e4te verf\u00fcgen \u00fcber AutoSense OS\u2122 3.0 und Binauraler VoiceStream Technologie\u2122. Dies bietet Ihren Kunden eine bessere Sprachverst\u00e4ndlichkeit in ger\u00e4uschvollen Umgebungen\u00b2 und eine geringere H\u00f6ranstrengung\u00b3 im Alltag.<\/p>\n<section class=\"av_textblock_section \">\n<div class=\"avia_textblock \">\n<h2>Aus der Technologiestufe 2<\/h2>\n<p>Diese Technologieklasse garantiert ein gutes Verstehen in Einzelgespr\u00e4chen, sowie gutes Verstehen in gr\u00f6\u00dferen Personengruppen. St\u00f6rger\u00e4usche werden genauer analysiert und teilweise unterdr\u00fcckt, so das Sie insgesamt ein komfortabeleres H\u00f6rgef\u00fchl bekommen. Dank der verbesserten Richtmikrofontechnik fokussieren diese H\u00f6rger\u00e4te selbstst\u00e4ndig auf den dominanten Sprecher. Dies erm\u00f6glicht Ihnen leichteres Verstehen in ger\u00e4uschvoller Umgebung. Sie k\u00f6nnen diese H\u00f6rsysteme mit nahezu allen g\u00e4ngigen Telefon und TV Ger\u00e4ten verbinden.<\/p>\n<\/div>\n<\/section>\n<\/div>\n","protected":false},"excerpt":{"rendered":"<h2>Aus der Technologiestufe 2<\/h2>\n<p>Diese Technologieklasse garantiert ein gutes Verstehen in Einzelgespr\u00e4chen, sowie gutes Verstehen in gr\u00f6\u00dferen Personengruppen. St\u00f6rger\u00e4usche werden genauer analysiert und teilweise unterdr\u00fcckt, so das Sie insgesamt ein komfortabeleres H\u00f6rgef\u00fchl bekommen. Dank der verbesserten Richtmikrofontechnik fokussieren diese H\u00f6rger\u00e4te selbstst\u00e4ndig auf den dominanten Sprecher. Dies erm\u00f6glicht Ihnen leichteres Verstehen in ger\u00e4uschvoller Umgebung. Sie k\u00f6nnen diese H\u00f6rsysteme mit nahezu allen g\u00e4ngigen Telefon und TV Ger\u00e4ten verbinden.<\/p>\n","protected":false},"featured_media":446,"comment_status":"closed","ping_status":"closed","template":"","meta":[],"_links":{"self":[{"href":"https:\/\/hoergeraete.club\/index.php?rest_route=\/wp\/v2\/product\/457"}],"collection":[{"href":"https:\/\/hoergeraete.club\/index.php?rest_route=\/wp\/v2\/product"}],"about":[{"href":"https:\/\/hoergeraete.club\/index.php?rest_route=\/wp\/v2\/types\/product"}],"replies":[{"embeddable":true,"href":"https:\/\/hoergeraete.club\/index.php?rest_route=%2Fwp%2Fv2%2Fcomments&post=457"}],"wp:featuredmedia":[{"embeddable":true,"href":"https:\/\/hoergeraete.club\/index.php?rest_route=\/wp\/v2\/media\/446"}],"wp:attachment":[{"href":"https:\/\/hoergeraete.club\/index.php?rest_route=%2Fwp%2Fv2%2Fmedia&parent=457"}],"curies":[{"name":"wp","href":"https:\/\/api.w.org\/{rel}","templated":true}]}}