{"id":347,"date":"2018-11-02T13:17:00","date_gmt":"2018-11-02T12:17:00","guid":{"rendered":"https:\/\/hoergeraete.club\/?post_type=product&#038;p=347"},"modified":"2018-11-22T16:05:03","modified_gmt":"2018-11-22T15:05:03","slug":"phonak-audeo-marvel-90","status":"publish","type":"product","link":"https:\/\/hoergeraete.club\/?product=phonak-audeo-marvel-90","title":{"rendered":"Technologiestufe 4<br>Phonak Aud\u00e9o\u2122<br>Marvel 90"},"content":{"rendered":"<div class=\"headline \">\n<h2 id=\"2dd647f4-e342-453d-9e11-cdbe8569fe9d\" class=\"headline-default \">Klarer, voller Klang<\/h2>\n<\/div>\n<div id=\"c4a97653-7cf0-42ee-b44c-ffbe7a16b52f\" class=\"text \">\n<p>Die neue Phonak Marvel\u2122 H\u00f6rger\u00e4tegeneration erkennt mehr H\u00f6rsituationen als je zuvor und passt sich automatisch an diese an.\u00b9. Die H\u00f6rger\u00e4te verf\u00fcgen \u00fcber AutoSense OS\u2122 3.0 und Binauraler VoiceStream Technologie\u2122. Dies bietet Ihren Kunden eine bessere Sprachverst\u00e4ndlichkeit in ger\u00e4uschvollen Umgebungen\u00b2 und eine geringere H\u00f6ranstrengung\u00b3 im Alltag.<\/p>\n<section class=\"av_textblock_section \">\n<div class=\"avia_textblock \">\n<h2>Aus der Technologiestufe 4<\/h2>\n<p>Die neuste und am weitesten entwickelte Technik. Alles was zur Zeit in der H\u00f6rger\u00e4teakustik m\u00f6glich ist, wird hier eingesetzt. Bestes H\u00f6ren auch in sehr komplexen H\u00f6rsituationen. Egal ob Sie in ger\u00e4uschvoller Umgebung, auf Familienfeiern oder in der Natur sind. Diese H\u00f6rger\u00e4te richten sich vollautomatisch auf alle H\u00f6rsituationen ein.<\/p>\n<\/div>\n<\/section>\n<\/div>\n","protected":false},"excerpt":{"rendered":"<h2>Aus der Technologiestufe 4<\/h2>\n<p>Die neuste und am weitesten entwickelte Technik. Alles was zur Zeit in der H\u00f6rger\u00e4teakustik m\u00f6glich ist, wird hier eingesetzt. Bestes H\u00f6ren auch in sehr komplexen H\u00f6rsituationen. Egal ob Sie in ger\u00e4uschvoller Umgebung, auf Familienfeiern oder in der Natur sind. Diese H\u00f6rger\u00e4te richten sich vollautomatisch auf alle H\u00f6rsituationen ein.<\/p>\n","protected":false},"featured_media":446,"comment_status":"closed","ping_status":"closed","template":"","meta":[],"_links":{"self":[{"href":"https:\/\/hoergeraete.club\/index.php?rest_route=\/wp\/v2\/product\/347"}],"collection":[{"href":"https:\/\/hoergeraete.club\/index.php?rest_route=\/wp\/v2\/product"}],"about":[{"href":"https:\/\/hoergeraete.club\/index.php?rest_route=\/wp\/v2\/types\/product"}],"replies":[{"embeddable":true,"href":"https:\/\/hoergeraete.club\/index.php?rest_route=%2Fwp%2Fv2%2Fcomments&post=347"}],"wp:featuredmedia":[{"embeddable":true,"href":"https:\/\/hoergeraete.club\/index.php?rest_route=\/wp\/v2\/media\/446"}],"wp:attachment":[{"href":"https:\/\/hoergeraete.club\/index.php?rest_route=%2Fwp%2Fv2%2Fmedia&parent=347"}],"curies":[{"name":"wp","href":"https:\/\/api.w.org\/{rel}","templated":true}]}}