{"id":320,"date":"2018-11-01T14:43:46","date_gmt":"2018-11-01T13:43:46","guid":{"rendered":"https:\/\/hoergeraete.club\/?page_id=320"},"modified":"2018-11-01T14:44:16","modified_gmt":"2018-11-01T13:44:16","slug":"datenschutzerklaerung-2","status":"publish","type":"page","link":"https:\/\/hoergeraete.club\/?page_id=320","title":{"rendered":"Impressum"},"content":{"rendered":"<div class=\"post-entry post-entry-type-page post-entry-945\">\n<div class=\"entry-content-wrapper clearfix\">\n<div class=\"flex_column av_one_half  flex_column_div av-zero-column-padding first  avia-builder-el-3  el_after_av_one_full  el_before_av_one_half  column-top-margin\">\n<section class=\"av_textblock_section \">\n<div class=\"avia_textblock  av_inherit_color \">\n<p><b>Die Webseite wird publiziert von:<\/b><\/p>\n<p><b>Dein H\u00f6rger\u00e4t GmbH<\/b><br \/>\nBrunnenwiesenstr. 64<br \/>\n8212 Neuhausen am Rheinfall<\/p>\n<p><b>Gesch\u00e4ftsf\u00fchrung:<\/b><br \/>\nFrau Mascia Tamagni<\/p>\n<\/div>\n<\/section>\n<\/div>\n<div class=\"flex_column av_one_half  flex_column_div av-zero-column-padding   avia-builder-el-5  el_after_av_one_half  el_before_av_one_full  column-top-margin\">\n<section class=\"av_textblock_section \">\n<div class=\"avia_textblock  av_inherit_color \">\n<p><b>Kontakt:<\/b><br \/>\nTelefon: 044 \/ 2210066<br \/>\nE-Mail: <span id=\"cloak70101aa64ab728d9b00f4cdc7ec8f326\"><a href=\"mailto:info@dein-hoergeraet.ch\">info@dein-hoergeraet.ch<\/a><\/span><br \/>\nInternet: www.dein-hoergeraet.ch<\/p>\n<p><b>Handelsinformationen<\/b><br \/>\nEingetragen beim Handelsregisteramt des Kantons Schaffhausen, Schweiz<br \/>\nUID Firmennummer:\u00a0CHE-233.306.659<br \/>\nHandelsregister-Nr.: CHE-233.306.659<\/p>\n<\/div>\n<\/section>\n<\/div>\n<div class=\"flex_column av_one_full  flex_column_div av-zero-column-padding first  avia-builder-el-7  el_after_av_one_half  avia-builder-el-last  column-top-margin\">\n<section class=\"av_textblock_section \">\n<div class=\"avia_textblock  av_inherit_color \">\n<h4>Haftungsausschluss (Disclaimer)<\/h4>\n<h5>Haftung f\u00fcr Inhalte<\/h5>\n<p>Als Diensteanbieter sind wir gem\u00e4\u00df \u00a7 7 Abs.1 TMG f\u00fcr eigene Inhalte auf diesen Seiten nach den allgemeinen Gesetzen verantwortlich. Nach \u00a7\u00a7 8 bis 10 TMG sind wir als Diensteanbieter jedoch nicht verpflichtet, \u00fcbermittelte oder gespeicherte fremde Informationen zu \u00fcberwachen oder nach Umst\u00e4nden zu forschen, die auf eine rechtswidrige T\u00e4tigkeit hinweisen. Verpflichtungen zur Entfernung oder Sperrung der Nutzung von Informationen nach den allgemeinen Gesetzen bleiben hiervon unber\u00fchrt. Eine diesbez\u00fcgliche Haftung ist jedoch erst ab dem Zeitpunkt der Kenntnis einer konkreten Rechtsverletzung m\u00f6glich. Bei Bekanntwerden von entsprechenden Rechtsverletzungen werden wir diese Inhalte umgehend entfernen.<\/p>\n<h5>Haftung f\u00fcr Links<\/h5>\n<p>Unser Angebot enth\u00e4lt Links zu externen Webseiten Dritter, auf deren Inhalte wir keinen Einfluss haben. Deshalb k\u00f6nnen wir f\u00fcr diese fremden Inhalte auch keine Gew\u00e4hr \u00fcbernehmen. F\u00fcr die Inhalte der verlinkten Seiten ist stets der jeweilige Anbieter oder Betreiber der Seiten verantwortlich. Die verlinkten Seiten wurden zum Zeitpunkt der Verlinkung auf m\u00f6gliche Rechtsverst\u00f6\u00dfe \u00fcberpr\u00fcft. Rechtswidrige Inhalte waren zum Zeitpunkt der Verlinkung nicht erkennbar. Eine permanente inhaltliche Kontrolle der verlinkten Seiten ist jedoch ohne konkrete Anhaltspunkte einer Rechtsverletzung nicht zumutbar. Bei Bekanntwerden von Rechtsverletzungen werden wir derartige Links umgehend entfernen.<\/p>\n<h5>Urheberrecht<\/h5>\n<p>Die durch die Seitenbetreiber erstellten Inhalte und Werke auf diesen Seiten unterliegen dem deutschen Urheberrecht. Die Vervielf\u00e4ltigung, Bearbeitung, Verbreitung und jede Art der Verwertung au\u00dferhalb der Grenzen des Urheberrechtes bed\u00fcrfen der schriftlichen Zustimmung des jeweiligen Autors bzw. Erstellers. Downloads und Kopien dieser Seite sind nur f\u00fcr den privaten, nicht kommerziellen Gebrauch gestattet. Soweit die Inhalte auf dieser Seite nicht vom Betreiber erstellt wurden, werden die Urheberrechte Dritter beachtet. Insbesondere werden Inhalte Dritter als solche gekennzeichnet. Sollten Sie trotzdem auf eine Urheberrechtsverletzung aufmerksam werden, bitten wir um einen entsprechenden Hinweis. Bei Bekanntwerden von Rechtsverletzungen werden wir derartige Inhalte umgehend entfernen.<\/p>\n<\/div>\n<\/section>\n<\/div>\n<\/div>\n<\/div>\n","protected":false},"excerpt":{"rendered":"<p>Die Webseite wird publiziert von: Dein H\u00f6rger\u00e4t GmbH Brunnenwiesenstr. 64 8212 Neuhausen am Rheinfall Gesch\u00e4ftsf\u00fchrung: Frau Mascia Tamagni Kontakt: Telefon: 044 \/ 2210066 E-Mail: info@dein-hoergeraet.ch Internet: www.dein-hoergeraet.ch Handelsinformationen Eingetragen beim Handelsregisteramt des Kantons Schaffhausen, Schweiz UID Firmennummer:\u00a0CHE-233.306.659 Handelsregister-Nr.: CHE-233.306.659 Haftungsausschluss (Disclaimer) Haftung f\u00fcr Inhalte Als Diensteanbieter sind wir gem\u00e4\u00df \u00a7 7 Abs.1 TMG f\u00fcr eigene [&#8230;]\n","protected":false},"author":1,"featured_media":0,"parent":0,"menu_order":0,"comment_status":"closed","ping_status":"open","template":"","meta":[],"_links":{"self":[{"href":"https:\/\/hoergeraete.club\/index.php?rest_route=\/wp\/v2\/pages\/320"}],"collection":[{"href":"https:\/\/hoergeraete.club\/index.php?rest_route=\/wp\/v2\/pages"}],"about":[{"href":"https:\/\/hoergeraete.club\/index.php?rest_route=\/wp\/v2\/types\/page"}],"author":[{"embeddable":true,"href":"https:\/\/hoergeraete.club\/index.php?rest_route=\/wp\/v2\/users\/1"}],"replies":[{"embeddable":true,"href":"https:\/\/hoergeraete.club\/index.php?rest_route=%2Fwp%2Fv2%2Fcomments&post=320"}],"version-history":[{"count":2,"href":"https:\/\/hoergeraete.club\/index.php?rest_route=\/wp\/v2\/pages\/320\/revisions"}],"predecessor-version":[{"id":322,"href":"https:\/\/hoergeraete.club\/index.php?rest_route=\/wp\/v2\/pages\/320\/revisions\/322"}],"wp:attachment":[{"href":"https:\/\/hoergeraete.club\/index.php?rest_route=%2Fwp%2Fv2%2Fmedia&parent=320"}],"curies":[{"name":"wp","href":"https:\/\/api.w.org\/{rel}","templated":true}]}}