{"id":3,"date":"2018-10-30T12:54:13","date_gmt":"2018-10-30T11:54:13","guid":{"rendered":"http:\/\/www.xn--hrgerte-9wa1n.club\/?page_id=3"},"modified":"2018-11-01T20:24:54","modified_gmt":"2018-11-01T19:24:54","slug":"datenschutzerklaerung","status":"publish","type":"page","link":"https:\/\/hoergeraete.club\/?page_id=3","title":{"rendered":"Datenschutzerkl\u00e4rung"},"content":{"rendered":"<div class=\"fusion-row\">\n<div id=\"content\">\n<div id=\"post-10479\" class=\"post-10479 page type-page status-publish hentry\">\n<div class=\"post-content\">\n<div class=\"container\">\n<div class=\"template-page content av-content-full alpha units\">\n<div class=\"post-entry post-entry-type-page post-entry-516\">\n<div class=\"entry-content-wrapper clearfix\">\n<div class=\"flex_column_table av-equal-height-column-flextable\">\n<div class=\"flex_column av_one_half av-animated-generic left-to-right flex_column_table_cell av-equal-height-column av-align-top av-zero-column-padding first avia-builder-el-4 el_before_av_one_half avia-builder-el-first avia_start_animation avia_start_delayed_animation\">\n<section class=\"av_textblock_section\">\n<div class=\"avia_textblock \">\n<p><strong>Datenschutzerkl\u00e4rung<\/strong><br \/>\nWir freuen uns \u00fcber Ihr Interesse an unserer Website. Der Schutz Ihrer Privatsph\u00e4re ist f\u00fcr uns sehr wichtig.<br \/>\nNachstehend informieren wir Sie ausf\u00fchrlich \u00fcber den Umgang mit Ihren Daten.<\/p>\n<p><strong>Speicherung von Zugriffsdaten in Server-Logfiles<\/strong><br \/>\nSie k\u00f6nnen unsere Webseiten besuchen, ohne Angaben zu Ihrer Person zu machen. Wir speichern lediglich Zugriffsdaten in sogenannten<br \/>\nServer-Logfiles, wie z.B. den Namen der angeforderten Datei, Datum und Uhrzeit des Abrufs, \u00fcbertragene Datenmenge und den<br \/>\nanfragenden Provider. Diese Daten werden ausschlie\u00dflich zur Sicherstellung eines st\u00f6rungsfreien Betriebs der Seite und zur Verbesserung<br \/>\nunseres Angebots ausgewertet und erlauben uns keinen R\u00fcckschluss auf Ihre Person.<\/p>\n<p><strong>Datenerhebung und -verwendung zur Vertragsabwicklung und bei Er\u00f6ffnung eines Kundenkontos<\/strong><br \/>\nWir erheben personenbezogene Daten, wenn Sie uns diese im Rahmen Ihrer Bestellung, bei einer Kontaktaufnahme mit uns<br \/>\n(z.B. per Kontaktformular oder E-Mail) oder bei Er\u00f6ffnung eines Kundenkontos freiwillig mitteilen. Welche Daten erhoben werden,<br \/>\nist aus den jeweiligen Eingabeformularen ersichtlich. Wir verwenden die von ihnen mitgeteilten Daten zur Vertragsabwicklung<br \/>\nund Bearbeitung Ihrer Anfragen. Nach vollst\u00e4ndiger Abwicklung des Vertrages oder L\u00f6schung Ihres Kundenkontos werden<br \/>\nIhre Daten f\u00fcr die weitere Verwendung gesperrt und nach Ablauf der steuer- und handelsrechtlichen Aufbewahrungsfristen gel\u00f6scht,<br \/>\nsofern Sie nicht ausdr\u00fccklich in eine weitere Nutzung Ihrer Daten eingewilligt haben oder wir uns eine dar\u00fcber hinausgehende<br \/>\nDatenverwendung vorbehalten, die gesetzlich erlaubt ist und \u00fcber die wir Sie nachstehend informieren.<br \/>\nDie L\u00f6schung Ihres Kundenkontos ist jederzeit m\u00f6glich und kann entweder durch eine Nachricht an die unten beschriebene<br \/>\nKontaktm\u00f6glichkeit oder \u00fcber eine daf\u00fcr vorgesehene Funktion im Kundenkonto erfolgen.<\/p>\n<p><strong>Die verantwortliche Stelle f\u00fcr die Datenverarbeitung auf dieser Website ist<br \/>\n<\/strong>Frau Mascia Tamagni<br \/>\nSaumackerstrasse 35 \u2013 37<br \/>\n8048 Z\u00fcrich<br \/>\nTel. 044 \/ 2210066<br \/>\nMobil: 0178-88 55 551<br \/>\nMail: <a href=\"mailto:info@hoergeraet.ch\">info@hoergeraet.ch<\/a><\/p>\n<p><strong>Datenverwendung f\u00fcr E-Mail-Werbung ohne Newsletter-Anmeldung und Ihr Widerspruchsrecht<\/strong><br \/>\nWenn wir Ihre E-Mail-Adresse im Zusammenhang mit dem Verkauf einer Ware oder Dienstleistung erhalten und Sie dem<br \/>\nnicht widersprochen haben, behalten wir uns vor, Ihnen regelm\u00e4\u00dfig Angebote zu \u00e4hnlichen Produkten, wie den bereits gekauften,<br \/>\naus unserem Sortiment per E-Mail zuzusenden. Sie k\u00f6nnen dieser Verwendung Ihrer E-Mail-Adresse jederzeit durch eine Nachricht<br \/>\nan die unten beschriebene Kontaktm\u00f6glichkeit oder \u00fcber einen daf\u00fcr vorgesehenen Link in der Werbemail widersprechen,<br \/>\nohne dass hierf\u00fcr andere als die \u00dcbermittlungskosten nach den Basistarifen entstehen.<\/p>\n<p><strong>Datenverwendung f\u00fcr Postwerbung und Ihr Widerspruchsrecht<\/strong><br \/>\nDar\u00fcber hinaus behalten wir uns vor, Ihren Vor- und Nachnamen, Ihre Postanschrift und \u2013 soweit wir diese zus\u00e4tzlichen<br \/>\nAngaben im Rahmen der Vertragsbeziehung von Ihnen erhalten haben \u2013 Ihren Titel, akademischen Grad,<br \/>\nIhr Geburtsjahr und Ihre Berufs-, Branchen- oder Gesch\u00e4ftsbezeichnung in zusammengefassten Listen zu speichern und<br \/>\nf\u00fcr eigene Werbezwecke zu nutzen, z.B. zur Zusendung von interessanten Angeboten und Informationen zu unseren Produkten<br \/>\nper Briefpost. Sie k\u00f6nnen der Speicherung und Verwendung Ihrer Daten zu diesen Zwecken jederzeit durch eine Nachricht<br \/>\nan die unten beschriebene Kontaktm\u00f6glichkeit widersprechen.<\/p>\n<p><strong>Verwendung von Cookies<\/strong><br \/>\nUm den Besuch unserer Website attraktiv zu gestalten und die Nutzung bestimmter Funktionen zu erm\u00f6glichen,<br \/>\nverwenden wir auf verschiedenen Seiten sogenannte Cookies. Hierbei handelt es sich um kleine Textdateien,<br \/>\ndie auf Ihrem Endger\u00e4t gespeichert werden. Einige der von uns verwendeten Cookies werden nach Ende der Browser-Sitzung,<br \/>\nalso nach Schlie\u00dfen Ihres Browsers, wieder gel\u00f6scht (sog. Sitzungs-Cookies). Andere Cookies verbleiben auf Ihrem Endger\u00e4t<br \/>\nund erm\u00f6glichen uns, Ihren Browser beim n\u00e4chsten Besuch wiederzuerkennen (persistente Cookies).<br \/>\nSie k\u00f6nnen Ihren Browser so einstellen, dass Sie \u00fcber das Setzen von Cookies informiert werden und einzeln \u00fcber deren<br \/>\nAnnahme entscheiden oder die Annahme von Cookies f\u00fcr bestimmte F\u00e4lle oder generell ausschlie\u00dfen. Bei der Nichtannahme<br \/>\nvon Cookies kann die Funktionalit\u00e4t unserer Website eingeschr\u00e4nkt sein.<\/p>\n<\/div>\n<\/section>\n<\/div>\n<div class=\"av-flex-placeholder\"><strong>Einsatz von Google (Universal) Analytics zur Webanalyse<br \/>\n<\/strong>Diese Website benutzt Google (Universal) Analytics, einen Webanalysedienst der Google Inc. (www.google.de).<br \/>\nGoogle (Universal) Analytics verwendet Methoden, die eine Analyse der Benutzung der Website durch Sie erm\u00f6glichen,<br \/>\nwie zum Beispiel sog. \u201eCookies\u201c, Textdateien, die auf Ihrem Computer gespeichert werden.<br \/>\nDie erzeugten Informationen \u00fcber Ihre Benutzung dieser Website werden in der Regel an einen Server von Google<br \/>\nin den USA \u00fcbertragen und dort gespeichert. Durch die Aktivierung der IP-Anonymisierung auf dieser Webseite wird<br \/>\ndabei die IP-Adresse vor der \u00dcbermittlung innerhalb der Mitgliedstaaten der Europ\u00e4ischen Union oder in anderen<br \/>\nVertragsstaaten des Abkommens \u00fcber den Europ\u00e4ischen Wirtschaftsraum gek\u00fcrzt. Nur in Ausnahmef\u00e4llen wird die<br \/>\nvolle IP-Adresse an einen Server von Google in den USA \u00fcbertragen und dort gek\u00fcrzt. Die im Rahmen von Google Analytics<br \/>\nvon Ihrem Browser \u00fcbermittelte anonymisierte IP-Adresse wird nicht mit anderen Daten von Google zusammengef\u00fchrt.<\/div>\n<div class=\"flex_column av_one_half av-animated-generic left-to-right flex_column_table_cell av-equal-height-column av-align-top av-zero-column-padding avia-builder-el-6 el_after_av_one_half avia-builder-el-last avia_start_animation avia_start_delayed_animation\">\n<section class=\"av_textblock_section\">\n<div class=\"avia_textblock \">\n<p>Sie k\u00f6nnen die Erfassung der durch das Cookie erzeugten und auf Ihre Nutzung der Website bezogenen Daten (inkl. Ihrer IP-Adresse)<br \/>\nan Google sowie die Verarbeitung dieser Daten durch Google verhindern, indem Sie das unter dem folgenden Link<br \/>\nverf\u00fcgbare Browser-Plugin herunterladen und installieren: http:\/\/tools.google.com\/dlpage\/gaoptout?hl=de<br \/>\nAlternativ zum Browser-Plugin k\u00f6nnen Sie diesen Link klicken, um die Erfassung durch Google Analytics auf dieser Website<br \/>\nzuk\u00fcnftig zu verhindern. Dabei wird ein Opt-Out-Cookie auf Ihrem Endger\u00e4t abgelegt. L\u00f6schen Sie Ihre Cookies,<br \/>\nm\u00fcssen Sie den Link erneut klicken.<\/p>\n<p><strong>Datenschutzerkl\u00e4rung Google Maps<br \/>\n<\/strong>Diese Webseite verwendet das Produkt Google Maps von Google Inc. Durch Nutzung dieser Webseite erkl\u00e4ren Sie sich mit der Erfassung,<br \/>\nBearbeitung sowie Nutzung der automatisiert erhobenen Daten durch Google Inc, deren Vertreter sowie Dritter einverstanden.<br \/>\nDie Nutzungsbedingungen von Google Maps finden sie unter <a href=\"http:\/\/www.google.com\/intl\/de_de\/help\/terms_maps.html\">\u201eNutzungsbedingungen von Google Maps\u201c<\/a>.<\/p>\n<p><strong>Verwendung von Social Plugins von Facebook, Twitter, Google unter Verwendung der Shariff-L\u00f6sung<br \/>\n<\/strong>Auf unserer Website werden Social Plugins (\u201ePlugins\u201c) von sozialen Netzwerken verwendet. Um den Schutz Ihrer Daten beim<br \/>\nBesuch unserer Website zu erh\u00f6hen, sind die Plugins nicht uneingeschr\u00e4nkt, sondern lediglich unter Verwendung eines<br \/>\nHTML-Links (sogenannte \u201eShariff-L\u00f6sung\u201c von c\u2018t) in die Seite eingebunden. Diese Einbindung gew\u00e4hrleistet, dass beim Aufruf<br \/>\neiner Seite unseres Webauftritts, die solche Plugins enth\u00e4lt, noch keine Verbindung mit den Servern des Anbieters des jeweiligen sozialen<br \/>\nNetzwerks hergestellt wird. Klicken Sie auf einen der Buttons, \u00f6ffnet sich ein neues Fenster Ihres Browsers und ruft die Seite des jeweiligen<br \/>\nDiensteanbieters auf, auf der Sie (ggf. nach Eingabe Ihrer Login-Daten) z.B. den Like- oder Share-Button bet\u00e4tigen k\u00f6nnen.<br \/>\nZweck und Umfang der Datenerhebung und die weitere Verarbeitung und Nutzung der Daten durch die Anbieter<br \/>\nauf deren Seiten sowie Ihre diesbez\u00fcglichen Rechte und Einstellungsm\u00f6glichkeiten zum Schutz Ihrer Privatsph\u00e4re entnehmen<br \/>\nSie bitte den Datenschutzhinweisen der Anbieter.<\/p>\n<p>http:\/\/www.facebook.com\/policy.php<br \/>\nhttps:\/\/twitter.com\/privacy<br \/>\nhttp:\/\/www.google.com\/intl\/de\/+\/policy\/+1button.html<\/p>\n<p>Erst mit der Erweiterung wird der Widerspruch des Nutzers per Cookie registriert. Ohne die Erweiterung kann ein rechtssicherer<br \/>\nEinsatz von Google Analytics somit nicht erfolgen.<\/p>\n<p><strong>Widerruf, \u00c4nderungen, Berichtigungen und Aktualisierungen<\/strong><\/p>\n<p>Der Nutzer hat das Recht, auf Antrag unentgeltlich Auskunft zu erhalten \u00fcber die personenbezogenen Daten,<br \/>\ndie \u00fcber ihn gespeichert wurden. Zus\u00e4tzlich hat der Nutzer das Recht auf Berichtigung unrichtiger Daten,<br \/>\nSperrung und L\u00f6schung seiner personenbezogenen Daten, soweit dem keine gesetzliche Aufbewahrungspflicht entgegensteht.<\/p>\n<p><a href=\"https:\/\/datenschutz-generator.de\/\"><strong>Erstellt mit Datenschutz-Generator.de von RA Dr. Thomas Schwenke<\/strong><\/a><\/p>\n<\/div>\n<\/section>\n<\/div>\n<\/div>\n<\/div>\n<\/div>\n<\/div>\n<\/div>\n<\/div>\n<\/div>\n<\/div>\n<\/div>\n","protected":false},"excerpt":{"rendered":"<p>Datenschutzerkl\u00e4rung Wir freuen uns \u00fcber Ihr Interesse an unserer Website. Der Schutz Ihrer Privatsph\u00e4re ist f\u00fcr uns sehr wichtig. Nachstehend informieren wir Sie ausf\u00fchrlich \u00fcber den Umgang mit Ihren Daten. Speicherung von Zugriffsdaten in Server-Logfiles Sie k\u00f6nnen unsere Webseiten besuchen, ohne Angaben zu Ihrer Person zu machen. Wir speichern lediglich Zugriffsdaten in sogenannten Server-Logfiles, wie [&#8230;]\n","protected":false},"author":1,"featured_media":0,"parent":0,"menu_order":0,"comment_status":"closed","ping_status":"open","template":"","meta":[],"_links":{"self":[{"href":"https:\/\/hoergeraete.club\/index.php?rest_route=\/wp\/v2\/pages\/3"}],"collection":[{"href":"https:\/\/hoergeraete.club\/index.php?rest_route=\/wp\/v2\/pages"}],"about":[{"href":"https:\/\/hoergeraete.club\/index.php?rest_route=\/wp\/v2\/types\/page"}],"author":[{"embeddable":true,"href":"https:\/\/hoergeraete.club\/index.php?rest_route=\/wp\/v2\/users\/1"}],"replies":[{"embeddable":true,"href":"https:\/\/hoergeraete.club\/index.php?rest_route=%2Fwp%2Fv2%2Fcomments&post=3"}],"version-history":[{"count":4,"href":"https:\/\/hoergeraete.club\/index.php?rest_route=\/wp\/v2\/pages\/3\/revisions"}],"predecessor-version":[{"id":327,"href":"https:\/\/hoergeraete.club\/index.php?rest_route=\/wp\/v2\/pages\/3\/revisions\/327"}],"wp:attachment":[{"href":"https:\/\/hoergeraete.club\/index.php?rest_route=%2Fwp%2Fv2%2Fmedia&parent=3"}],"curies":[{"name":"wp","href":"https:\/\/api.w.org\/{rel}","templated":true}]}}